{"id":24,"date":"2025-09-02T11:29:34","date_gmt":"2025-09-02T09:29:34","guid":{"rendered":"https:\/\/saviaadvocats.com\/?page_id=24"},"modified":"2025-09-22T09:10:40","modified_gmt":"2025-09-22T07:10:40","slug":"servicios-legales","status":"publish","type":"page","link":"https:\/\/saviaadvocats.com\/ca\/servicios-legales\/","title":{"rendered":"Servicios legales"},"content":{"rendered":"<div data-elementor-type=\"wp-page\" data-elementor-id=\"24\" class=\"elementor elementor-24\" data-elementor-post-type=\"page\">\n\t\t\t\t<div class=\"elementor-element elementor-element-ec9a7c5 e-con-full e-flex e-con e-parent\" data-id=\"ec9a7c5\" data-element_type=\"container\" data-e-type=\"container\" data-settings=\"{&quot;background_background&quot;:&quot;classic&quot;}\">\n\t\t\t\t<\/div>\n\t\t<div class=\"elementor-element elementor-element-b1438cf e-con-full e-flex e-con e-parent\" data-id=\"b1438cf\" data-element_type=\"container\" data-e-type=\"container\" data-settings=\"{&quot;background_background&quot;:&quot;classic&quot;}\">\n\t\t\t\t<div class=\"elementor-element elementor-element-714dc03 elementor-invisible elementor-widget elementor-widget-heading\" data-id=\"714dc03\" data-element_type=\"widget\" data-e-type=\"widget\" data-settings=\"{&quot;_animation&quot;:&quot;fadeInRight&quot;}\" data-widget_type=\"heading.default\">\n\t\t\t\t\t<h3 class=\"elementor-heading-title elementor-size-default\">SERVICIOS JUR\u00cdDICOS INTEGRALES: DERECHO MERCANTIL Y SOCIETARIO  \u00b7 DERECHO LABORAL \u00b7  DERECHO FISCAL  \u00b7  EXTRANJER\u00cdA \u00b7 DERECHO CIVIL<\/h3>\t\t\t\t<\/div>\n\t\t\t\t<\/div>\n\t\t<div class=\"elementor-element elementor-element-281dd6a e-con-full e-flex elementor-invisible e-con e-parent\" data-id=\"281dd6a\" data-element_type=\"container\" data-e-type=\"container\" data-settings=\"{&quot;animation&quot;:&quot;fadeInUp&quot;,&quot;background_background&quot;:&quot;classic&quot;}\">\n\t\t<div class=\"elementor-element elementor-element-dd80dce e-con-full e-flex e-con e-child\" data-id=\"dd80dce\" data-element_type=\"container\" data-e-type=\"container\">\n\t\t\t\t<div class=\"elementor-element elementor-element-c2fd61a elementor-widget__width-initial elementor-widget elementor-widget-heading\" data-id=\"c2fd61a\" data-element_type=\"widget\" data-e-type=\"widget\" data-widget_type=\"heading.default\">\n\t\t\t\t\t<h3 class=\"elementor-heading-title elementor-size-default\">Asesoramiento jur\u00eddico especializado, riguroso y cercano<\/h3>\t\t\t\t<\/div>\n\t\t\t\t<div class=\"elementor-element elementor-element-9162e8b elementor-widget-divider--view-line elementor-widget elementor-widget-divider\" data-id=\"9162e8b\" data-element_type=\"widget\" data-e-type=\"widget\" data-widget_type=\"divider.default\">\n\t\t\t\t\t\t\t<div class=\"elementor-divider\">\n\t\t\t<span class=\"elementor-divider-separator\">\n\t\t\t\t\t\t<\/span>\n\t\t<\/div>\n\t\t\t\t\t\t<\/div>\n\t\t\t\t<\/div>\n\t\t<div class=\"elementor-element elementor-element-19daee6 e-con-full e-flex e-con e-child\" data-id=\"19daee6\" data-element_type=\"container\" data-e-type=\"container\">\n\t\t\t\t<div class=\"elementor-element elementor-element-31c281b elementor-widget elementor-widget-text-editor\" data-id=\"31c281b\" data-element_type=\"widget\" data-e-type=\"widget\" data-widget_type=\"text-editor.default\">\n\t\t\t\t\t\t\t\t\t<p class=\"p1\">En <span class=\"s1\"><b>Savia Advocats<\/b><\/span> ponemos a tu disposici\u00f3n un equipo de abogados especializados en distintas ramas del derecho para ofrecerte un servicio legal integral, claro y eficaz. Ya seas particular, aut\u00f3nomo o empresa, analizamos tu situaci\u00f3n con atenci\u00f3n y te proponemos la mejor estrategia legal para proteger tus derechos, resolver conflictos o planificar con garant\u00edas.<\/p><p class=\"p1\">Nuestro enfoque combina el conocimiento jur\u00eddico con el uso de herramientas digitales que agilizan los tr\u00e1mites y mejoran la comunicaci\u00f3n. Apostamos por una atenci\u00f3n personalizada, transparente y con visi\u00f3n de futuro.<\/p>\t\t\t\t\t\t\t\t<\/div>\n\t\t\t\t<\/div>\n\t\t\t\t<\/div>\n\t\t<div class=\"elementor-element elementor-element-be7acb9 e-con-full e-flex e-con e-parent\" data-id=\"be7acb9\" data-element_type=\"container\" data-e-type=\"container\">\n\t\t<div class=\"elementor-element elementor-element-cff106c e-con-full e-flex e-con e-child\" data-id=\"cff106c\" data-element_type=\"container\" data-e-type=\"container\">\n\t\t\t\t<div class=\"elementor-element elementor-element-b41b98d elementor-widget elementor-widget-text-editor\" data-id=\"b41b98d\" data-element_type=\"widget\" data-e-type=\"widget\" data-widget_type=\"text-editor.default\">\n\t\t\t\t\t\t\t\t\t<p>01.\u00a0<\/p>\t\t\t\t\t\t\t\t<\/div>\n\t\t\t\t<div class=\"elementor-element elementor-element-d2759e9 elementor-widget elementor-widget-heading\" data-id=\"d2759e9\" data-element_type=\"widget\" data-e-type=\"widget\" data-widget_type=\"heading.default\">\n\t\t\t\t\t<h2 class=\"elementor-heading-title elementor-size-default\">Derecho mercantil y societario<\/h2>\t\t\t\t<\/div>\n\t\t\t\t<\/div>\n\t\t<div class=\"elementor-element elementor-element-3f813cc e-con-full e-flex e-con e-child\" data-id=\"3f813cc\" data-element_type=\"container\" data-e-type=\"container\">\n\t\t\t\t<div class=\"elementor-element elementor-element-666a617 elementor-widget elementor-widget-heading\" data-id=\"666a617\" data-element_type=\"widget\" data-e-type=\"widget\" data-widget_type=\"heading.default\">\n\t\t\t\t\t<h2 class=\"elementor-heading-title elementor-size-default\">Protegemos tu empresa con asesoramiento jur\u00eddico claro, \u00e1gil y adaptado a cada etapa del negocio.<\/h2>\t\t\t\t<\/div>\n\t\t\t\t<div class=\"elementor-element elementor-element-ff4023a elementor-widget elementor-widget-text-editor\" data-id=\"ff4023a\" data-element_type=\"widget\" data-e-type=\"widget\" data-widget_type=\"text-editor.default\">\n\t\t\t\t\t\t\t\t\t<p class=\"p1\">Brindamos asesoramiento jur\u00eddico a empresas en todas las etapas de su ciclo de vida. Desde la constituci\u00f3n de sociedades, pasando por modificaciones estatutarias, hasta procesos de reestructuraci\u00f3n empresarial como fusiones o escisiones. Tambi\u00e9n redactamos y revisamos contratos mercantiles, gestionamos transmisiones de acciones y participaciones sociales, y ofrecemos soporte continuado en el cumplimiento de obligaciones societarias.<\/p>\t\t\t\t\t\t\t\t<\/div>\n\t\t\t\t<\/div>\n\t\t\t\t<\/div>\n\t\t<div class=\"elementor-element elementor-element-0259cb6 e-con-full e-flex e-con e-parent\" data-id=\"0259cb6\" data-element_type=\"container\" data-e-type=\"container\">\n\t\t<div class=\"elementor-element elementor-element-aa8b5ef e-con-full e-flex e-con e-child\" data-id=\"aa8b5ef\" data-element_type=\"container\" data-e-type=\"container\">\n\t\t\t\t<div class=\"elementor-element elementor-element-f9902ed elementor-widget elementor-widget-text-editor\" data-id=\"f9902ed\" data-element_type=\"widget\" data-e-type=\"widget\" data-widget_type=\"text-editor.default\">\n\t\t\t\t\t\t\t\t\t<p>02.\u00a0<\/p>\t\t\t\t\t\t\t\t<\/div>\n\t\t\t\t<div class=\"elementor-element elementor-element-c6057ba elementor-widget elementor-widget-heading\" data-id=\"c6057ba\" data-element_type=\"widget\" data-e-type=\"widget\" data-widget_type=\"heading.default\">\n\t\t\t\t\t<h2 class=\"elementor-heading-title elementor-size-default\">Derecho laboral<\/h2>\t\t\t\t<\/div>\n\t\t\t\t<\/div>\n\t\t<div class=\"elementor-element elementor-element-345653c e-con-full e-flex e-con e-child\" data-id=\"345653c\" data-element_type=\"container\" data-e-type=\"container\">\n\t\t\t\t<div class=\"elementor-element elementor-element-dcc6557 elementor-widget elementor-widget-heading\" data-id=\"dcc6557\" data-element_type=\"widget\" data-e-type=\"widget\" data-widget_type=\"heading.default\">\n\t\t\t\t\t<h2 class=\"elementor-heading-title elementor-size-default\">Defendemos tus derechos laborales o los de tu empresa con rigor, proximidad y experiencia.<\/h2>\t\t\t\t<\/div>\n\t\t\t\t<div class=\"elementor-element elementor-element-c7fb0a3 elementor-widget elementor-widget-text-editor\" data-id=\"c7fb0a3\" data-element_type=\"widget\" data-e-type=\"widget\" data-widget_type=\"text-editor.default\">\n\t\t\t\t\t\t\t\t\t<p class=\"p1\">Asesoramos a trabajadores y empresas en conflictos laborales de todo tipo: despidos, sanciones, reclamaciones de cantidad, reconocimiento de derechos, y relaciones con la Seguridad Social. Defendemos tus intereses ante los tribunales laborales y te ayudamos a prevenir riesgos con estrategias jur\u00eddicas claras y ajustadas a la legislaci\u00f3n vigente.<\/p>\t\t\t\t\t\t\t\t<\/div>\n\t\t\t\t<\/div>\n\t\t\t\t<\/div>\n\t\t<div class=\"elementor-element elementor-element-415fc32 e-con-full e-flex e-con e-parent\" data-id=\"415fc32\" data-element_type=\"container\" data-e-type=\"container\">\n\t\t<div class=\"elementor-element elementor-element-684a6a9 e-con-full e-flex e-con e-child\" data-id=\"684a6a9\" data-element_type=\"container\" data-e-type=\"container\">\n\t\t\t\t<div class=\"elementor-element elementor-element-484092d elementor-widget elementor-widget-text-editor\" data-id=\"484092d\" data-element_type=\"widget\" data-e-type=\"widget\" data-widget_type=\"text-editor.default\">\n\t\t\t\t\t\t\t\t\t<p>03.\u00a0<\/p>\t\t\t\t\t\t\t\t<\/div>\n\t\t\t\t<div class=\"elementor-element elementor-element-763b2e6 elementor-widget elementor-widget-heading\" data-id=\"763b2e6\" data-element_type=\"widget\" data-e-type=\"widget\" data-widget_type=\"heading.default\">\n\t\t\t\t\t<h2 class=\"elementor-heading-title elementor-size-default\">Derecho fiscal<\/h2>\t\t\t\t<\/div>\n\t\t\t\t<\/div>\n\t\t<div class=\"elementor-element elementor-element-8e548ac e-con-full e-flex e-con e-child\" data-id=\"8e548ac\" data-element_type=\"container\" data-e-type=\"container\">\n\t\t\t\t<div class=\"elementor-element elementor-element-e508e04 elementor-widget elementor-widget-heading\" data-id=\"e508e04\" data-element_type=\"widget\" data-e-type=\"widget\" data-widget_type=\"heading.default\">\n\t\t\t\t\t<h2 class=\"elementor-heading-title elementor-size-default\">Planificamos y resolvemos cuestiones fiscales con precisi\u00f3n t\u00e9cnica y visi\u00f3n estrat\u00e9gica.<\/h2>\t\t\t\t<\/div>\n\t\t\t\t<div class=\"elementor-element elementor-element-b6f4913 elementor-widget elementor-widget-text-editor\" data-id=\"b6f4913\" data-element_type=\"widget\" data-e-type=\"widget\" data-widget_type=\"text-editor.default\">\n\t\t\t\t\t\t\t\t\t<p class=\"p1\">Ofrecemos asesoramiento tributario integral tanto a personas f\u00edsicas como jur\u00eddicas. Nos ocupamos de la planificaci\u00f3n fiscal de operaciones, representaci\u00f3n en procedimientos ante Hacienda (gesti\u00f3n, inspecci\u00f3n, recaudaci\u00f3n y sancionadores), presentaci\u00f3n de alegaciones y recursos, y reclamaciones econ\u00f3mico-administrativas. Tambi\u00e9n defendemos los derechos del contribuyente ante los tribunales cuando es necesario.<\/p>\t\t\t\t\t\t\t\t<\/div>\n\t\t\t\t<\/div>\n\t\t\t\t<\/div>\n\t\t<div class=\"elementor-element elementor-element-96239a7 e-con-full e-flex e-con e-parent\" data-id=\"96239a7\" data-element_type=\"container\" data-e-type=\"container\">\n\t\t<div class=\"elementor-element elementor-element-441653c e-con-full e-flex e-con e-child\" data-id=\"441653c\" data-element_type=\"container\" data-e-type=\"container\">\n\t\t\t\t<div class=\"elementor-element elementor-element-0893c0d elementor-widget elementor-widget-text-editor\" data-id=\"0893c0d\" data-element_type=\"widget\" data-e-type=\"widget\" data-widget_type=\"text-editor.default\">\n\t\t\t\t\t\t\t\t\t<p>04.\u00a0<\/p>\t\t\t\t\t\t\t\t<\/div>\n\t\t\t\t<div class=\"elementor-element elementor-element-e31cb48 elementor-widget elementor-widget-heading\" data-id=\"e31cb48\" data-element_type=\"widget\" data-e-type=\"widget\" data-widget_type=\"heading.default\">\n\t\t\t\t\t<h2 class=\"elementor-heading-title elementor-size-default\">Derecho civil<\/h2>\t\t\t\t<\/div>\n\t\t\t\t<\/div>\n\t\t<div class=\"elementor-element elementor-element-e04c82b e-con-full e-flex e-con e-child\" data-id=\"e04c82b\" data-element_type=\"container\" data-e-type=\"container\">\n\t\t\t\t<div class=\"elementor-element elementor-element-3db9639 elementor-widget elementor-widget-heading\" data-id=\"3db9639\" data-element_type=\"widget\" data-e-type=\"widget\" data-widget_type=\"heading.default\">\n\t\t\t\t\t<h2 class=\"elementor-heading-title elementor-size-default\">Te ayudamos a gestionar contratos, herencias o conflictos personales con seguridad y confianza.<\/h2>\t\t\t\t<\/div>\n\t\t\t\t<div class=\"elementor-element elementor-element-c25fc80 elementor-widget elementor-widget-text-editor\" data-id=\"c25fc80\" data-element_type=\"widget\" data-e-type=\"widget\" data-widget_type=\"text-editor.default\">\n\t\t\t\t\t\t\t\t\t<p class=\"p1\">Prestamos servicios legales en asuntos de derecho civil como contratos, arrendamientos, compraventas, herencias, sucesiones y derecho de familia. Nuestra intervenci\u00f3n busca siempre la resoluci\u00f3n satisfactoria del conflicto, ya sea mediante acuerdos extrajudiciales o defendiendo tus derechos ante los tribunales.<\/p>\t\t\t\t\t\t\t\t<\/div>\n\t\t\t\t<\/div>\n\t\t\t\t<\/div>\n\t\t<div class=\"elementor-element elementor-element-5c478d5 e-con-full e-flex e-con e-parent\" data-id=\"5c478d5\" data-element_type=\"container\" data-e-type=\"container\">\n\t\t<div class=\"elementor-element elementor-element-7c2472d e-con-full e-flex e-con e-child\" data-id=\"7c2472d\" data-element_type=\"container\" data-e-type=\"container\">\n\t\t\t\t<div class=\"elementor-element elementor-element-68a5bcc elementor-widget elementor-widget-text-editor\" data-id=\"68a5bcc\" data-element_type=\"widget\" data-e-type=\"widget\" data-widget_type=\"text-editor.default\">\n\t\t\t\t\t\t\t\t\t<p>05.\u00a0<\/p>\t\t\t\t\t\t\t\t<\/div>\n\t\t\t\t<div class=\"elementor-element elementor-element-618473f elementor-widget elementor-widget-heading\" data-id=\"618473f\" data-element_type=\"widget\" data-e-type=\"widget\" data-widget_type=\"heading.default\">\n\t\t\t\t\t<h2 class=\"elementor-heading-title elementor-size-default\">Extranjer\u00eda<\/h2>\t\t\t\t<\/div>\n\t\t\t\t<\/div>\n\t\t<div class=\"elementor-element elementor-element-55aa773 e-con-full e-flex e-con e-child\" data-id=\"55aa773\" data-element_type=\"container\" data-e-type=\"container\">\n\t\t\t\t<div class=\"elementor-element elementor-element-efe4f71 elementor-widget elementor-widget-heading\" data-id=\"efe4f71\" data-element_type=\"widget\" data-e-type=\"widget\" data-widget_type=\"heading.default\">\n\t\t\t\t\t<h2 class=\"elementor-heading-title elementor-size-default\">Te acompa\u00f1amos en todos los tr\u00e1mites de extranjer\u00eda para que vivas, trabajes o regularices tu situaci\u00f3n con tranquilidad.<\/h2>\t\t\t\t<\/div>\n\t\t\t\t<div class=\"elementor-element elementor-element-d04945b elementor-widget elementor-widget-text-editor\" data-id=\"d04945b\" data-element_type=\"widget\" data-e-type=\"widget\" data-widget_type=\"text-editor.default\">\n\t\t\t\t\t\t\t\t\t<p class=\"p1\">Acompa\u00f1amos a personas extranjeras en sus tr\u00e1mites de residencia, nacionalidad, reagrupaci\u00f3n familiar, permisos de trabajo y procedimientos de expulsi\u00f3n. Conocemos la complejidad de estos procesos y ofrecemos un trato personalizado, claro y humano para que puedas centrarte en tu vida mientras nosotros nos ocupamos de tu situaci\u00f3n legal.<\/p>\t\t\t\t\t\t\t\t<\/div>\n\t\t\t\t<\/div>\n\t\t\t\t<\/div>\n\t\t\t\t<\/div>","protected":false},"excerpt":{"rendered":"<p>SERVICIOS JUR\u00cdDICOS INTEGRALES: DERECHO MERCANTIL Y SOCIETARIO \u00b7 DERECHO LABORAL \u00b7 DERECHO FISCAL \u00b7 EXTRANJER\u00cdA \u00b7 DERECHO CIVIL Asesoramiento jur\u00eddico especializado, riguroso y cercano En Savia Advocats ponemos a tu disposici\u00f3n un equipo de abogados especializados en distintas ramas del derecho para ofrecerte un servicio legal integral, claro y eficaz. Ya seas particular, aut\u00f3nomo o [&hellip;]<\/p>\n","protected":false},"author":1,"featured_media":66,"parent":0,"menu_order":0,"comment_status":"closed","ping_status":"closed","template":"","meta":{"footnotes":""},"class_list":["post-24","page","type-page","status-publish","has-post-thumbnail","hentry"],"_links":{"self":[{"href":"https:\/\/saviaadvocats.com\/ca\/wp-json\/wp\/v2\/pages\/24","targetHints":{"allow":["GET"]}}],"collection":[{"href":"https:\/\/saviaadvocats.com\/ca\/wp-json\/wp\/v2\/pages"}],"about":[{"href":"https:\/\/saviaadvocats.com\/ca\/wp-json\/wp\/v2\/types\/page"}],"author":[{"embeddable":true,"href":"https:\/\/saviaadvocats.com\/ca\/wp-json\/wp\/v2\/users\/1"}],"replies":[{"embeddable":true,"href":"https:\/\/saviaadvocats.com\/ca\/wp-json\/wp\/v2\/comments?post=24"}],"version-history":[{"count":29,"href":"https:\/\/saviaadvocats.com\/ca\/wp-json\/wp\/v2\/pages\/24\/revisions"}],"predecessor-version":[{"id":261,"href":"https:\/\/saviaadvocats.com\/ca\/wp-json\/wp\/v2\/pages\/24\/revisions\/261"}],"wp:featuredmedia":[{"embeddable":true,"href":"https:\/\/saviaadvocats.com\/ca\/wp-json\/wp\/v2\/media\/66"}],"wp:attachment":[{"href":"https:\/\/saviaadvocats.com\/ca\/wp-json\/wp\/v2\/media?parent=24"}],"curies":[{"name":"wp","href":"https:\/\/api.w.org\/{rel}","templated":true}]}}